{"id":134,"date":"2018-02-22T16:18:06","date_gmt":"2018-02-22T15:18:06","guid":{"rendered":"http:\/\/xn--bchli-park-q5a.ch\/?page_id=134"},"modified":"2020-03-25T14:04:24","modified_gmt":"2020-03-25T13:04:24","slug":"4-zimmer-wohnungen","status":"publish","type":"page","link":"https:\/\/xn--bchli-park-q5a.ch\/index.php\/4-zimmer-wohnungen\/","title":{"rendered":"4\u00bd Zimmer &#8211; Wohnungen &#8211; Parterre alle vermietet"},"content":{"rendered":"<div id=\"pl-134\"  class=\"panel-layout\" ><div id=\"pg-134-0\"  class=\"panel-grid panel-no-style\" ><div id=\"pgc-134-0-0\"  class=\"panel-grid-cell\" ><div id=\"panel-134-0-0-0\" class=\"so-panel widget widget_sow-editor panel-first-child\" data-index=\"0\" ><div class=\"so-widget-sow-editor so-widget-sow-editor-base\">\n<div class=\"siteorigin-widget-tinymce textwidget\">\n\t<h2>Sch\u00f6ne 4\u00bd Zimmer-Wohnung im EG<br \/> Region:<br \/> Bodensee \/ Untersee \/ Rhein<\/h2>\n<p>Moderne, grossz\u00fcgige 4\u00bd Zimmer-Wohnung<br \/> in Mehrfamilienhaus 8264 Eschenz<\/p>\n<p>Eschenz liegt in der beliebten Region Bodensee \/ Rhein und grenzt direkt an das historische St\u00e4dtchen Stein am Rhein.<\/p>\n<p>Ausbau: Eigentumswohnung - Standard<\/p>\n<h3>Ihre Vorteile:<\/h3>\n<p>- Moderner Neubau mit allem Komfort (2012)<br \/> - Keramische Bodenbel\u00e4ge im Wohnzimmer<br \/> - Schlafzimmer Parkett<br \/> - Grossz\u00fcgiger gedeckter Gartensitzplatz mit Sicht ins Gr\u00fcne<br \/> - Helle, lichtdurchflutete R\u00e4ume<br \/> - Moderne K\u00fcche mit kleiner Fr\u00fchst\u00fcckstheke,<br \/> mit Granitabdeckung<br \/> - Glaskeramik und Geschirrsp\u00fclmaschine<br \/> - Lift bis Tiefgarage vorhanden<br \/> - 2 Nassr\u00e4ume (1 WC\/Dusche und 1 WC\/Bad)<br \/> - Automatische Rolll\u00e4den<br \/> - Mit Anschluss f\u00fcr eigene Waschmaschine \/ Tumbler<br \/> - Multimedia-Verteilung in jedem Raum.<br \/> - Bodenheizung mit individueller Raumteperatureinstellung<br \/> - G\u00fcnstige Nebenkosten dank W\u00e4rmepumpe mit Erdsonde.<br \/> - Freie Tiefgaragenpl\u00e4tze und Aussenparkpl\u00e4tze vorhanden<br \/> - Grosse gepflegte Gartenanlage S\u00fcd-Westliche Lage,<br \/> ganzer Tag Sonne<\/p>\n<h3>Was Sie auch interessieren k\u00f6nnte:<\/h3>\n<p>- Autobahnanschluss Frauenfeld:<br \/> Nach Z\u00fcrich \/ Kreuzlingen \/ St. Gallen<br \/> in ca. 15 min erreichbar.<br \/> - Schaffhausen \/ Kreuzlingen in 25 Minuten erreichbar<br \/> - Einkaufsm\u00f6glichkeiten im Ort und Einkaufscenter<br \/> in 5 Minuten Fahrzeit erreichbar<br \/> Coop, Lidl, Migros, Volg, Landi,<\/p>\n<p>Besichtigungen gerne m\u00f6glich oder bestellen Sie sich den Mietprospekt.<\/p>\n<\/div>\n<\/div><\/div><div id=\"panel-134-0-0-1\" class=\"so-panel widget widget_metaslider_widget\" data-index=\"1\" ><div id=\"metaslider-id-145\" style=\"max-width: 700px;\" class=\"ml-slider-3-22-1 metaslider metaslider-flex metaslider-145 ml-slider\">\n    <div id=\"metaslider_container_145\">\n        <div id=\"metaslider_145\">\n            <ul aria-live=\"polite\" class=\"slides\">\n                <li style=\"display: block; width: 100%;\" class=\"slide-249 ms-image\"><img src=\"https:\/\/xn--bchli-park-q5a.ch\/wp-content\/uploads\/2018\/03\/IMG_0422-700x500.jpg\" height=\"500\" width=\"700\" alt=\"\" class=\"slider-145 slide-249\" \/><\/li>\n                <li style=\"display: none; width: 100%;\" class=\"slide-250 ms-image\"><img src=\"https:\/\/xn--bchli-park-q5a.ch\/wp-content\/uploads\/2018\/03\/IMG_0424-700x500.jpg\" height=\"500\" width=\"700\" alt=\"\" class=\"slider-145 slide-250\" \/><\/li>\n                <li style=\"display: none; width: 100%;\" class=\"slide-251 ms-image\"><img src=\"https:\/\/xn--bchli-park-q5a.ch\/wp-content\/uploads\/2018\/03\/IMG_0428-700x500.jpg\" height=\"500\" width=\"700\" alt=\"\" class=\"slider-145 slide-251\" \/><\/li>\n                <li style=\"display: none; width: 100%;\" class=\"slide-252 ms-image\"><img src=\"https:\/\/xn--bchli-park-q5a.ch\/wp-content\/uploads\/2018\/03\/IMG_0430-700x500.jpg\" height=\"500\" width=\"700\" alt=\"\" class=\"slider-145 slide-252\" \/><\/li>\n                <li style=\"display: none; width: 100%;\" class=\"slide-253 ms-image\"><img src=\"https:\/\/xn--bchli-park-q5a.ch\/wp-content\/uploads\/2018\/03\/IMG_0437-700x500.jpg\" height=\"500\" width=\"700\" alt=\"\" class=\"slider-145 slide-253\" \/><\/li>\n                <li style=\"display: none; width: 100%;\" class=\"slide-254 ms-image\"><img src=\"https:\/\/xn--bchli-park-q5a.ch\/wp-content\/uploads\/2018\/03\/IMG_0439-700x500.jpg\" height=\"500\" width=\"700\" alt=\"\" class=\"slider-145 slide-254\" \/><\/li>\n                <li style=\"display: none; width: 100%;\" class=\"slide-255 ms-image\"><img src=\"https:\/\/xn--bchli-park-q5a.ch\/wp-content\/uploads\/2018\/03\/IMG_0442-700x500.jpg\" height=\"500\" width=\"700\" alt=\"\" class=\"slider-145 slide-255\" \/><\/li>\n                <li style=\"display: none; width: 100%;\" class=\"slide-256 ms-image\"><img src=\"https:\/\/xn--bchli-park-q5a.ch\/wp-content\/uploads\/2018\/03\/IMG_0452-700x500.jpg\" height=\"500\" width=\"700\" alt=\"\" class=\"slider-145 slide-256\" \/><\/li>\n                <li style=\"display: none; width: 100%;\" class=\"slide-257 ms-image\"><img src=\"https:\/\/xn--bchli-park-q5a.ch\/wp-content\/uploads\/2018\/03\/IMG_0458-700x500.jpg\" height=\"500\" width=\"700\" alt=\"\" class=\"slider-145 slide-257\" \/><\/li>\n                <li style=\"display: none; width: 100%;\" class=\"slide-258 ms-image\"><img src=\"https:\/\/xn--bchli-park-q5a.ch\/wp-content\/uploads\/2018\/03\/IMG_0462-700x500.jpg\" height=\"500\" width=\"700\" alt=\"\" class=\"slider-145 slide-258\" \/><\/li>\n                <li style=\"display: none; width: 100%;\" class=\"slide-259 ms-image\"><img src=\"https:\/\/xn--bchli-park-q5a.ch\/wp-content\/uploads\/2018\/03\/IMG_0471-700x500.jpg\" height=\"500\" width=\"700\" alt=\"\" class=\"slider-145 slide-259\" \/><\/li>\n                <li style=\"display: none; width: 100%;\" class=\"slide-260 ms-image\"><img src=\"https:\/\/xn--bchli-park-q5a.ch\/wp-content\/uploads\/2018\/03\/IMG_0477-700x500.jpg\" height=\"500\" width=\"700\" alt=\"\" class=\"slider-145 slide-260\" \/><\/li>\n                <li style=\"display: none; width: 100%;\" class=\"slide-261 ms-image\"><img src=\"https:\/\/xn--bchli-park-q5a.ch\/wp-content\/uploads\/2018\/03\/IMG_0486-700x500.jpg\" height=\"500\" width=\"700\" alt=\"\" class=\"slider-145 slide-261\" \/><\/li>\n                <li style=\"display: none; width: 100%;\" class=\"slide-262 ms-image\"><img src=\"https:\/\/xn--bchli-park-q5a.ch\/wp-content\/uploads\/2018\/03\/IMG_0488-700x500.jpg\" height=\"500\" width=\"700\" alt=\"\" class=\"slider-145 slide-262\" \/><\/li>\n                <li style=\"display: none; width: 100%;\" class=\"slide-263 ms-image\"><img src=\"https:\/\/xn--bchli-park-q5a.ch\/wp-content\/uploads\/2018\/03\/IMG_0489-700x500.jpg\" height=\"500\" width=\"700\" alt=\"\" class=\"slider-145 slide-263\" \/><\/li>\n                <li style=\"display: none; width: 100%;\" class=\"slide-264 ms-image\"><img src=\"https:\/\/xn--bchli-park-q5a.ch\/wp-content\/uploads\/2018\/03\/IMG_0495-700x500.jpg\" height=\"500\" width=\"700\" alt=\"\" class=\"slider-145 slide-264\" \/><\/li>\n                <li style=\"display: none; width: 100%;\" class=\"slide-265 ms-image\"><img src=\"https:\/\/xn--bchli-park-q5a.ch\/wp-content\/uploads\/2018\/03\/IMG_0497-700x500.jpg\" height=\"500\" width=\"700\" alt=\"\" class=\"slider-145 slide-265\" \/><\/li>\n                <li style=\"display: none; width: 100%;\" class=\"slide-266 ms-image\"><img src=\"https:\/\/xn--bchli-park-q5a.ch\/wp-content\/uploads\/2018\/03\/IMG_0501-700x500.jpg\" height=\"500\" width=\"700\" alt=\"\" class=\"slider-145 slide-266\" \/><\/li>\n                <li style=\"display: none; width: 100%;\" class=\"slide-267 ms-image\"><img src=\"https:\/\/xn--bchli-park-q5a.ch\/wp-content\/uploads\/2018\/03\/IMG_0503-700x500.jpg\" height=\"500\" width=\"700\" alt=\"\" class=\"slider-145 slide-267\" \/><\/li>\n                <li style=\"display: none; width: 100%;\" class=\"slide-268 ms-image\"><img src=\"https:\/\/xn--bchli-park-q5a.ch\/wp-content\/uploads\/2018\/03\/IMG_0418-700x500.jpg\" height=\"500\" width=\"700\" alt=\"\" class=\"slider-145 slide-268\" \/><\/li>\n            <\/ul>\n        <\/div>\n        \n    <\/div>\n<\/div><\/div><div id=\"panel-134-0-0-2\" class=\"so-panel widget widget_sow-image\" data-index=\"2\" ><div class=\"so-widget-sow-image so-widget-sow-image-default-d6014b76747a-134\">\n\n<div class=\"sow-image-container\">\n\t\t<img src=\"https:\/\/xn--bchli-park-q5a.ch\/wp-content\/uploads\/2018\/02\/eg-grundriss.jpg\" width=\"670\" height=\"474\" srcset=\"https:\/\/xn--bchli-park-q5a.ch\/wp-content\/uploads\/2018\/02\/eg-grundriss.jpg 670w, https:\/\/xn--bchli-park-q5a.ch\/wp-content\/uploads\/2018\/02\/eg-grundriss-300x212.jpg 300w\" sizes=\"(max-width: 670px) 100vw, 670px\" alt=\"\" loading=\"lazy\" \t\tclass=\"so-widget-image\"\/>\n\t<\/div>\n\n<\/div><\/div><div id=\"panel-134-0-0-3\" class=\"so-panel widget widget_sow-google-map panel-last-child\" data-index=\"3\" ><div class=\"so-widget-sow-google-map so-widget-sow-google-map-default-6b23895f316e-134\">\n<div class=\"sow-google-map-canvas\"\n\tstyle=\"\"\n\tid=\"map-canvas-3f91644e212e8baa8809fe93f3b12dbf\"\n\tdata-options=\"{&quot;address&quot;:&quot;47.648422, 8.869843\\n\\n&quot;,&quot;zoom&quot;:20,&quot;mobileZoom&quot;:20,&quot;gestureHandling&quot;:&quot;greedy&quot;,&quot;disableUi&quot;:false,&quot;keepCentered&quot;:false,&quot;markerIcon&quot;:&quot;&quot;,&quot;markersDraggable&quot;:false,&quot;markerAtCenter&quot;:true,&quot;markerInfoDisplay&quot;:&quot;click&quot;,&quot;markerInfoMultiple&quot;:true,&quot;markerPositions&quot;:[{&quot;place&quot;:&quot;&quot;,&quot;info&quot;:&quot;&quot;,&quot;infoSelectedEditor&quot;:&quot;tinymce&quot;,&quot;infoMaxWidth&quot;:&quot;&quot;,&quot;customMarkerIcon&quot;:0}],&quot;mapName&quot;:&quot;&quot;,&quot;mapStyles&quot;:&quot;&quot;,&quot;directions&quot;:&quot;&quot;,&quot;apiKey&quot;:&quot;AIzaSyDFjE_hYomoHXiEhP5N5b1EijGTm4827aM&quot;,&quot;breakpoint&quot;:780}\"\n\tdata-fallback-image=\"{&quot;img&quot;:&quot;&quot;}\"><\/div>\n<\/div><\/div><\/div><div id=\"pgc-134-0-1\"  class=\"panel-grid-cell\" ><div id=\"panel-134-0-1-0\" class=\"widget_text so-panel widget widget_custom_html panel-first-child\" data-index=\"4\" ><h3 class=\"widget-title\">Virtueller Rundgang einer baugleichen Wohnung im OG<\/h3><div class=\"textwidget custom-html-widget\">[ipanorama id=\"14\"]<\/div><\/div><div id=\"panel-134-0-1-1\" class=\"so-panel widget widget_sow-editor\" data-index=\"5\" ><div class=\"so-widget-sow-editor so-widget-sow-editor-base\">\n<div class=\"siteorigin-widget-tinymce textwidget\">\n\t<table id=\"details\" summary=\"\" width=\"450px\" align=\"center\">\n<tbody>\n<tr>\n<td class=\"ueberschrift\" colspan=\"2\">Auf einen Blick<\/td>\n<\/tr>\n<tr>\n<td class=\"ueberschrift\" colspan=\"2\">Vermietet<\/td>\n<\/tr>\n<tr>\n<td class=\"aufzaelung\">Objektart<\/td>\n<td class=\"aufzaelung\">Wohnung<\/td>\n<\/tr>\n<tr>\n<td class=\"aufzaelung\">Zimmer<\/td>\n<td class=\"aufzaelung\">4.5<\/td>\n<\/tr>\n<tr>\n<td class=\"aufzaelung\">Klasse<\/td>\n<td class=\"aufzaelung\">Eigentumswohnugs - Standard<\/td>\n<\/tr>\n<tr>\n<td class=\"aufzaelung\">Miete inkl. Nebenkosten<\/td>\n<td class=\"aufzaelung\">CHF 1960.--<\/td>\n<\/tr>\n<tr>\n<td class=\"aufzaelung\">Miete Garage<\/td>\n<td class=\"aufzaelung\">CHF 120.--<\/td>\n<\/tr>\n<tr>\n<td class=\"aufzaelung\">Miete Abstellplatz<\/td>\n<td class=\"aufzaelung\">CHF 60.--<\/td>\n<\/tr>\n<tr>\n<td class=\"aufzaelung\">Wohnfl\u00e4che<\/td>\n<td class=\"aufzaelung\">123m\u00b2<\/td>\n<\/tr>\n<tr>\n<td class=\"aufzaelung\">Stockwerk<\/td>\n<td class=\"aufzaelung\">Parterre + 1. Stock<\/td>\n<\/tr>\n<tr>\n<td class=\"aufzaelung\">Lift im Haus<\/td>\n<td class=\"aufzaelung\">Ja<\/td>\n<\/tr>\n<tr>\n<td class=\"aufzaelung\">Etagen im Haus<\/td>\n<td class=\"aufzaelung\">4<\/td>\n<\/tr>\n<tr>\n<td class=\"aufzaelung\">Baujahr<\/td>\n<td class=\"aufzaelung\">2012<\/td>\n<\/tr>\n<tr>\n<td class=\"aufzaelung\">Zustand<\/td>\n<td class=\"aufzaelung\">neuwertig<\/td>\n<\/tr>\n<tr>\n<td class=\"aufzaelung\">\u00a0<\/td>\n<td class=\"aufzaelung\">\u00a0<\/td>\n<\/tr>\n<tr>\n<td class=\"ueberschrift\" colspan=\"2\">\u00a0<\/td>\n<\/tr>\n<tr>\n<td class=\"ueberschrift\" colspan=\"2\">Lage und Umgebung<\/td>\n<\/tr>\n<tr>\n<td class=\"ueberschrift\" colspan=\"2\">\u00a0<\/td>\n<\/tr>\n<tr>\n<td class=\"aufzaelung\">Autobahnanschluss<\/td>\n<td class=\"aufzaelung\">Frauenfeld West ca 15 Km.<\/td>\n<\/tr>\n<tr>\n<td class=\"aufzaelung\">Eikaufsm\u00f6glichkeiten<\/td>\n<td class=\"aufzaelung\">Volg, Migros, Coop, Bau + Hobby, Lidel, Landi<br \/> 5- 10 min. Fahrzeit<\/td>\n<\/tr>\n<tr>\n<td class=\"aufzaelung\">Badi am See<\/td>\n<td class=\"aufzaelung\">ca. 10min zufuss<\/td>\n<\/tr>\n<tr>\n<td class=\"aufzaelung\">Busanschluss<\/td>\n<td class=\"aufzaelung\">ca. 5min zufuss<\/td>\n<\/tr>\n<tr>\n<td class=\"aufzaelung\">Bahnanschluss<\/td>\n<td class=\"aufzaelung\">ca. 7min zufuss<\/td>\n<\/tr>\n<tr>\n<td class=\"ueberschrift\" colspan=\"2\">\u00a0<\/td>\n<\/tr>\n<tr>\n<td class=\"ueberschrift\" colspan=\"2\">Details zum Objekt<\/td>\n<\/tr>\n<tr>\n<td class=\"ueberschrift\" colspan=\"2\">\u00a0<\/td>\n<\/tr>\n<tr>\n<td class=\"aufzaelung\">Nassr\u00e4ume<\/td>\n<td class=\"aufzaelung\">2<\/td>\n<\/tr>\n<tr>\n<td class=\"aufzaelung\">Badewannen<\/td>\n<td class=\"aufzaelung\">1<\/td>\n<\/tr>\n<tr>\n<td class=\"aufzaelung\">Duschen<\/td>\n<td class=\"aufzaelung\">1<\/td>\n<\/tr>\n<tr>\n<td class=\"aufzaelung\">WC`s<\/td>\n<td class=\"aufzaelung\">2<\/td>\n<\/tr>\n<tr>\n<td class=\"aufzaelung\">Waschk\u00fcche<\/td>\n<td class=\"aufzaelung\">Ja<\/td>\n<\/tr>\n<tr>\n<td class=\"aufzaelung\">Tumbler<\/td>\n<td class=\"aufzaelung\">Ja<\/td>\n<\/tr>\n<tr>\n<td class=\"aufzaelung\">Secomat<\/td>\n<td class=\"aufzaelung\">Ja<\/td>\n<\/tr>\n<tr>\n<td class=\"aufzaelung\">Tiefgarage<\/td>\n<td class=\"aufzaelung\">Ja<\/td>\n<\/tr>\n<tr>\n<td class=\"aufzaelung\">Abstellplatz unbedekt<\/td>\n<td class=\"aufzaelung\">Ja<\/td>\n<\/tr>\n<tr>\n<td class=\"aufzaelung\">Keller<\/td>\n<td class=\"aufzaelung\">8m\u00b2<\/td>\n<\/tr>\n<tr>\n<td class=\"aufzaelung\">Personenlift<\/td>\n<td class=\"aufzaelung\">Ja<\/td>\n<\/tr>\n<tr>\n<td class=\"aufzaelung\">Heizungsart<\/td>\n<td class=\"aufzaelung\">Erd-Sonde<\/td>\n<\/tr>\n<tr>\n<td class=\"aufzaelung\">Kochherd<\/td>\n<td class=\"aufzaelung\">Glaskeramik<\/td>\n<\/tr>\n<\/tbody>\n<\/table>\n<\/div>\n<\/div><\/div><div id=\"panel-134-0-1-2\" class=\"so-panel widget widget_sow-button panel-last-child\" data-index=\"6\" ><div class=\"so-widget-sow-button so-widget-sow-button-atom-b4f6b6b19f96-134\"><div class=\"ow-button-base ow-button-align-center\">\n\t<a href=\"https:\/\/xn--bchli-park-q5a.ch\/index.php\/kontakt\/\" class=\"ow-icon-placement-left ow-button-hover\" \t\t>\n\t\t<span>\n\t\t\t<span class=\"sow-icon-fontawesome sow-far\" data-sow-icon=\"&#xf15c;\"\n\t\t ><\/span>\n\t\t\tKontakt\t\t<\/span>\n\t<\/a>\n<\/div>\n<\/div><\/div><\/div><\/div><\/div>","protected":false},"excerpt":{"rendered":"<p>Sch\u00f6ne 4\u00bd Zimmer-Wohnung im EG Region: Bodensee \/ Untersee \/ Rhein Moderne, grossz\u00fcgige 4\u00bd Zimmer-Wohnung in Mehrfamilienhaus 8264 Eschenz Eschenz liegt in der beliebten Region Bodensee \/ Rhein und grenzt direkt an das historische St\u00e4dtchen Stein am Rhein. Ausbau: Eigentumswohnung &#8211; Standard Ihre Vorteile: &#8211; Moderner Neubau mit allem Komfort (2012) &#8211; Keramische Bodenbel\u00e4ge im [&hellip;]<\/p>\n","protected":false},"author":1,"featured_media":0,"parent":0,"menu_order":0,"comment_status":"closed","ping_status":"closed","template":"Page-fullwidth.php","meta":[],"_links":{"self":[{"href":"https:\/\/xn--bchli-park-q5a.ch\/index.php\/wp-json\/wp\/v2\/pages\/134"}],"collection":[{"href":"https:\/\/xn--bchli-park-q5a.ch\/index.php\/wp-json\/wp\/v2\/pages"}],"about":[{"href":"https:\/\/xn--bchli-park-q5a.ch\/index.php\/wp-json\/wp\/v2\/types\/page"}],"author":[{"embeddable":true,"href":"https:\/\/xn--bchli-park-q5a.ch\/index.php\/wp-json\/wp\/v2\/users\/1"}],"replies":[{"embeddable":true,"href":"https:\/\/xn--bchli-park-q5a.ch\/index.php\/wp-json\/wp\/v2\/comments?post=134"}],"version-history":[{"count":91,"href":"https:\/\/xn--bchli-park-q5a.ch\/index.php\/wp-json\/wp\/v2\/pages\/134\/revisions"}],"predecessor-version":[{"id":379,"href":"https:\/\/xn--bchli-park-q5a.ch\/index.php\/wp-json\/wp\/v2\/pages\/134\/revisions\/379"}],"wp:attachment":[{"href":"https:\/\/xn--bchli-park-q5a.ch\/index.php\/wp-json\/wp\/v2\/media?parent=134"}],"curies":[{"name":"wp","href":"https:\/\/api.w.org\/{rel}","templated":true}]}}